{"id":19,"date":"2017-02-26T15:56:02","date_gmt":"2017-02-26T14:56:02","guid":{"rendered":"http:\/\/auvergne-musicotherapie.fr\/?page_id=19"},"modified":"2023-05-01T14:26:12","modified_gmt":"2023-05-01T12:26:12","slug":"contact","status":"publish","type":"page","link":"https:\/\/auvergne-musicotherapie.fr\/index.php\/contact\/","title":{"rendered":"Contact"},"content":{"rendered":"<h1 style=\"text-align: center;\"><strong>Si\u00e8ge de l&rsquo;association Aum <\/strong><\/h1>\n<h3 style=\"text-align: center;\"><strong>Auvergne musicoth\u00e9rapie<\/strong><\/h3>\n<p style=\"text-align: center;\">Cabinet M\u00e9dical<br \/>\n2 rue des Hauts de Chanturgue<br \/>\n63100 Clermont Ferrand<\/p>\n<hr \/>\n<p style=\"text-align: center;\"><strong>Christ\u00e8le HOULMANN<\/strong> (Pr\u00e9sidente): <strong>06 95 69 40 94<\/strong><\/p>\n<p style=\"text-align: center;\"><strong>C\u00e9cile B\u00c9AL<\/strong> (Vice-Pr\u00e9sidente): <strong>07 72 09 08 92<br \/>\n<\/strong><\/p>\n<hr \/>\n<h1>Nous contacter :<\/h1>\n<div class=\"wpforms-container wpforms-container-full\" id=\"wpforms-339\"><form id=\"wpforms-form-339\" class=\"wpforms-validate wpforms-form\" data-formid=\"339\" method=\"post\" enctype=\"multipart\/form-data\" action=\"\/index.php\/wp-json\/wp\/v2\/pages\/19\" data-token=\"3ddfe73bdf5d0c519a5b6c0f546183af\" data-token-time=\"1776406604\"><noscript class=\"wpforms-error-noscript\">Veuillez activer JavaScript dans votre navigateur pour remplir ce formulaire.<\/noscript><div class=\"wpforms-field-container\"><div id=\"wpforms-339-field_0-container\" class=\"wpforms-field wpforms-field-name\" data-field-id=\"0\"><label class=\"wpforms-field-label\">Nom <span class=\"wpforms-required-label\">*<\/span><\/label><div class=\"wpforms-field-row wpforms-field-medium\"><div class=\"wpforms-field-row-block wpforms-first wpforms-one-half\"><input type=\"text\" id=\"wpforms-339-field_0\" class=\"wpforms-field-name-first wpforms-field-required\" name=\"wpforms[fields][0][first]\" required><label for=\"wpforms-339-field_0\" class=\"wpforms-field-sublabel after\">Pr\u00e9nom<\/label><\/div><div class=\"wpforms-field-row-block wpforms-one-half\"><input type=\"text\" id=\"wpforms-339-field_0-last\" class=\"wpforms-field-name-last wpforms-field-required\" name=\"wpforms[fields][0][last]\" required><label for=\"wpforms-339-field_0-last\" class=\"wpforms-field-sublabel after\">Nom<\/label><\/div><\/div><\/div><div id=\"wpforms-339-field_1-container\" class=\"wpforms-field wpforms-field-email\" data-field-id=\"1\"><label class=\"wpforms-field-label\" for=\"wpforms-339-field_1\">Adresse de contact <span class=\"wpforms-required-label\">*<\/span><\/label><input type=\"email\" id=\"wpforms-339-field_1\" class=\"wpforms-field-medium wpforms-field-required\" name=\"wpforms[fields][1]\" spellcheck=\"false\" required><\/div><div id=\"wpforms-339-field_2-container\" class=\"wpforms-field wpforms-field-textarea\" data-field-id=\"2\"><label class=\"wpforms-field-label\" for=\"wpforms-339-field_2\">Message <span class=\"wpforms-required-label\">*<\/span><\/label><textarea id=\"wpforms-339-field_2\" class=\"wpforms-field-medium wpforms-field-required\" name=\"wpforms[fields][2]\" required><\/textarea><\/div><\/div><!-- .wpforms-field-container --><div class=\"wpforms-field wpforms-field-hp\"><label for=\"wpforms-339-field-hp\" class=\"wpforms-field-label\">Name<\/label><input type=\"text\" name=\"wpforms[hp]\" id=\"wpforms-339-field-hp\" class=\"wpforms-field-medium\"><\/div><div class=\"wpforms-submit-container\" ><input type=\"hidden\" name=\"wpforms[id]\" value=\"339\"><input type=\"hidden\" name=\"page_title\" value=\"\"><input type=\"hidden\" name=\"page_url\" value=\"https:\/\/auvergne-musicotherapie.fr\/index.php\/wp-json\/wp\/v2\/pages\/19\"><input type=\"hidden\" name=\"url_referer\" value=\"\"><button type=\"submit\" name=\"wpforms[submit]\" id=\"wpforms-submit-339\" class=\"wpforms-submit\" data-alt-text=\"Envoie...\" data-submit-text=\"Envoyer\" aria-live=\"assertive\" value=\"wpforms-submit\">Envoyer<\/button><\/div><\/form><\/div>  <!-- .wpforms-container -->\n","protected":false},"excerpt":{"rendered":"<p>Si\u00e8ge de l&rsquo;association Aum Auvergne musicoth\u00e9rapie Cabinet M\u00e9dical 2 rue des Hauts de Chanturgue 63100 Clermont Ferrand Christ\u00e8le HOULMANN (Pr\u00e9sidente): 06 95 69 40 94 C\u00e9cile B\u00c9AL (Vice-Pr\u00e9sidente): 07 72 09 08 92 Nous contacter :<\/p>\n","protected":false},"author":1,"featured_media":0,"parent":0,"menu_order":0,"comment_status":"closed","ping_status":"closed","template":"","meta":[],"_links":{"self":[{"href":"https:\/\/auvergne-musicotherapie.fr\/index.php\/wp-json\/wp\/v2\/pages\/19"}],"collection":[{"href":"https:\/\/auvergne-musicotherapie.fr\/index.php\/wp-json\/wp\/v2\/pages"}],"about":[{"href":"https:\/\/auvergne-musicotherapie.fr\/index.php\/wp-json\/wp\/v2\/types\/page"}],"author":[{"embeddable":true,"href":"https:\/\/auvergne-musicotherapie.fr\/index.php\/wp-json\/wp\/v2\/users\/1"}],"replies":[{"embeddable":true,"href":"https:\/\/auvergne-musicotherapie.fr\/index.php\/wp-json\/wp\/v2\/comments?post=19"}],"version-history":[{"count":16,"href":"https:\/\/auvergne-musicotherapie.fr\/index.php\/wp-json\/wp\/v2\/pages\/19\/revisions"}],"predecessor-version":[{"id":451,"href":"https:\/\/auvergne-musicotherapie.fr\/index.php\/wp-json\/wp\/v2\/pages\/19\/revisions\/451"}],"wp:attachment":[{"href":"https:\/\/auvergne-musicotherapie.fr\/index.php\/wp-json\/wp\/v2\/media?parent=19"}],"curies":[{"name":"wp","href":"https:\/\/api.w.org\/{rel}","templated":true}]}}