{"id":28,"date":"2017-02-26T16:03:30","date_gmt":"2017-02-26T15:03:30","guid":{"rendered":"http:\/\/auvergne-musicotherapie.fr\/?page_id=28"},"modified":"2017-07-10T22:08:44","modified_gmt":"2017-07-10T20:08:44","slug":"un-musicotherapeute","status":"publish","type":"page","link":"https:\/\/auvergne-musicotherapie.fr\/index.php\/un-musicotherapeute\/","title":{"rendered":"Un musicoth\u00e9rapeute?"},"content":{"rendered":"<div class=\"tmm tmm_musicotherapeutes\"><div class=\"tmm_3_columns tmm_wrap tmm_plugin_f\"><span class=\"tmm_two_containers_tablet\"><\/span><div class=\"tmm_container\"><div class=\"tmm_member\" style=\"border-top:#333333 solid 5px;\"><div class=\"tmm_photo tmm_pic_musicotherapeutes_0\" style=\"background: url(http:\/\/auvergne-musicotherapie.fr\/wp-content\/uploads\/2025\/11\/A7_4960-coupee.jpg); margin-left: auto; margin-right:auto; background-size:cover !important;\"><\/div><div class=\"tmm_textblock\"><div class=\"tmm_names\"><span class=\"tmm_fname\">Christ\u00e8le<\/span> <span class=\"tmm_lname\">HOULMANN<\/span><\/div><div class=\"tmm_job\">Clermont-Fd, Cabinet et Institutions<\/div><div class=\"tmm_desc\" style=\"text-align:left\"><p>Christ\u00e8le est musicoth\u00e9rapeute, psychologue et sophrologue depuis 2002. Elle con\u00e7oit sa pratique comme un moyen d\u2019expression de soi qui aide \u00e0 verbaliser les maux, les \u00e9motions ou d\u00e9velopper la communication. Son travail est bas\u00e9 sur l\u2019\u00e9coute du corps et de l\u2019esprit dans une recherche de mieux \u00eatre et de d\u00e9veloppement de la cr\u00e9ativit\u00e9, source de sant\u00e9 psychique. Elle est attentive \u00e0 l\u2019histoire du sujet. Christ\u00e8le utilise l\u2019\u00e9coute musicale, les instruments de musique et surtout la voix et le chant. Chaque intervention est pens\u00e9e et co-cr\u00e9\u00e9e en fonction de la demande et des besoins.<\/p><\/div><div class=\"tmm_scblock\"><a target=\"_blank\" class=\"tmm_sociallink\" href=\"http:\/\/www.psychologue.net\/cabinets\/christele-houlmann\" title=\"\"><img alt=\"\" src=\"https:\/\/auvergne-musicotherapie.fr\/wp-content\/plugins\/team-members\/inc\/img\/links\/customlink.png\"\/><\/a><a class=\"tmm_sociallink\" href=\"mailto:&#099;h&#114;istele&#046;houl&#109;a&#110;n&#064;&#103;&#109;&#097;&#105;l.c&#111;m\" title=\"\"><img alt=\"\" src=\"https:\/\/auvergne-musicotherapie.fr\/wp-content\/plugins\/team-members\/inc\/img\/links\/email.png\"\/><\/a><\/div><\/div><\/div><div class=\"tmm_member\" style=\"border-top:#333333 solid 5px;\"><div class=\"tmm_photo tmm_pic_musicotherapeutes_1\" style=\"background: url(http:\/\/auvergne-musicotherapie.fr\/wp-content\/uploads\/2017\/05\/frederique-mourgues-professeur-de-piano-et-de-chant-e1496137160443.jpg); margin-left: auto; margin-right:auto; background-size:cover !important;\"><\/div><div class=\"tmm_textblock\"><div class=\"tmm_names\"><span class=\"tmm_fname\">Fr\u00e9d\u00e9rique<\/span> <span class=\"tmm_lname\">MOURGUES<\/span><\/div><div class=\"tmm_job\">Thiers, Clermond-Fd et alentours<\/div><div class=\"tmm_desc\" style=\"text-align:left\"><p>Musicienne, professeur de piano et de chant, chef de choeur, pratique depuis 1987 la m\u00e9diation musicale pour aider les enfants en difficult\u00e9s d apprentissage scolaire. Form\u00e9e depuis 2015 en musicoth\u00e9rapie et en psychanalyse, elle propose des s\u00e9ances individuelles \u00e0 vis\u00e9e th\u00e9rapeutique et ateliers sp\u00e9cifiques de m\u00e9diation musicale adapt\u00e9s aux enfants \"DYS\" et aux \"TSA\" (Trouble du spectre autistique). Chaque s\u00e9ance et atelier sont pens\u00e9s et pr\u00e9par\u00e9s, int\u00e9grant diverses m\u00e9thodes, p\u00e9dagogies et techniques psychomusicales (dite r\u00e9ceptive).<\/p><\/div><div class=\"tmm_scblock\"><a class=\"tmm_sociallink\" href=\"mailto:&#109;o&#117;&#114;&#111;&#099;&#102;re&#064;&#103;mail&#046;&#099;om\" title=\"\"><img alt=\"\" src=\"https:\/\/auvergne-musicotherapie.fr\/wp-content\/plugins\/team-members\/inc\/img\/links\/email.png\"\/><\/a><\/div><\/div><\/div><span class=\"tmm_two_containers_tablet\"><\/span><div class=\"tmm_member\" style=\"border-top:#333333 solid 5px;\"><div class=\"tmm_photo tmm_pic_musicotherapeutes_2\" style=\"background: url(http:\/\/auvergne-musicotherapie.fr\/wp-content\/uploads\/2017\/04\/Elise-musico-3.jpg); margin-left: auto; margin-right:auto; background-size:cover !important;\"><\/div><div class=\"tmm_textblock\"><div class=\"tmm_names\"><span class=\"tmm_fname\">Elise<\/span> <span class=\"tmm_lname\">NIVARD<\/span><\/div><div class=\"tmm_job\">Clermond-Fd et alentours<\/div><div class=\"tmm_desc\" style=\"text-align:left\"><p>Elise est musicoth\u00e9rapeute praticienne depuis 2013. Elle pratique essentiellement la musicoth\u00e9rapie active aupr\u00e8s de personnes pr\u00e9sentant des d\u00e9ficiences intellectuelles, des troubles autistiques, des troubles Alzheimer et autres troubles du vieillissement. Son leitmotiv est de donner l'occasion aux personnes de s'exprimer et de devenir ainsi acteurs de leur devenir. Pour cela elle met en place l'expression musicale, soutient l'expression et l'\u00e9change au moyen d'une rencontre intersubjective dans un climat bienveillant. A titre personnel elle pratique le chant, la clarinette, le clown et la montagne.<\/p><\/div><div class=\"tmm_scblock\"><a class=\"tmm_sociallink\" href=\"mailto:e&#110;&#105;va&#114;d&#064;&#108;ap&#111;&#115;&#116;&#101;&#046;n&#101;&#116;\" title=\"\"><img alt=\"\" src=\"https:\/\/auvergne-musicotherapie.fr\/wp-content\/plugins\/team-members\/inc\/img\/links\/email.png\"\/><\/a><\/div><\/div><\/div><\/div><span class=\"tmm_columns_containers_desktop\"><\/span><div class=\"tmm_container\"><div class=\"tmm_member\" style=\"border-top:#333333 solid 5px;\"><div class=\"tmm_photo tmm_pic_musicotherapeutes_3\" style=\"background: url(http:\/\/auvergne-musicotherapie.fr\/wp-content\/uploads\/2017\/06\/Caroline-A..png); margin-left: auto; margin-right:auto; background-size:cover !important;\"><\/div><div class=\"tmm_textblock\"><div class=\"tmm_names\"><span class=\"tmm_fname\">Caroline<\/span> <span class=\"tmm_lname\">ANDRIEUX<\/span><\/div><div class=\"tmm_job\">Thiers, Clermont-Fd et alentours, Cabinet, Domicile, Institutions<\/div><div class=\"tmm_desc\" style=\"text-align:left\"><p>- Public : tout public avec une sp\u00e9cialit\u00e9 pour les jeunes enfants et les personnes \u00e2g\u00e9es - Caroline est musicoth\u00e9rapeute depuis 2006. Apr\u00e8s de nombreuses ann\u00e9es de pratique en Savoie, elle est install\u00e9e en Auvergne depuis 2016. Elle propose des s\u00e9ances adapt\u00e9es et \u00e9volutives \u00e0 toute personne ayant subi ou subissant une p\u00e9nalit\u00e9 de vie (motrice, psychologique ou sociale), quel que soit l\u2019\u00e2ge et\/ou le handicap. Caroline utilise principalement la voix et le chant mais compl\u00e8te ses interventions par des instruments de musique et de l\u2019\u00e9coute musicale. Elle utilise aussi bien la musicoth\u00e9rapie active, la musicoth\u00e9rapie passive et la relaxation psychomusicale.<\/p><\/div><div class=\"tmm_scblock\"><a class=\"tmm_sociallink\" href=\"mailto:&#099;aro&#108;&#105;n&#101;&#046;an&#100;ri&#101;u&#120;&#064;w&#097;&#110;&#097;do&#111;&#046;&#102;&#114;\" title=\"\"><img alt=\"\" src=\"https:\/\/auvergne-musicotherapie.fr\/wp-content\/plugins\/team-members\/inc\/img\/links\/email.png\"\/><\/a><a target=\"_blank\" class=\"tmm_sociallink\" href=\"http:\/\/perso.orange.fr\/caroline.andrieux\/\" title=\"\"><img alt=\"\" src=\"https:\/\/auvergne-musicotherapie.fr\/wp-content\/plugins\/team-members\/inc\/img\/links\/website.png\"\/><\/a><a target=\"_blank\" class=\"tmm_sociallink\" href=\"https:\/\/www.linkedin.com\/in\/caroline-andrieux-76119a1a\/\" title=\"\"><img alt=\"\" src=\"https:\/\/auvergne-musicotherapie.fr\/wp-content\/plugins\/team-members\/inc\/img\/links\/linkedin.png\"\/><\/a><\/div><\/div><\/div><span class=\"tmm_two_containers_tablet\"><\/span><div class=\"tmm_member\" style=\"border-top:#333333 solid 5px;\"><div class=\"tmm_photo tmm_pic_musicotherapeutes_4\" style=\"background: url(http:\/\/auvergne-musicotherapie.fr\/wp-content\/uploads\/2025\/11\/didier.png); margin-left: auto; margin-right:auto; background-size:cover !important;\"><\/div><div class=\"tmm_textblock\"><div class=\"tmm_names\"><span class=\"tmm_fname\">Didier<\/span> <span class=\"tmm_lname\">DELARCHE<\/span><\/div><div class=\"tmm_job\">Clermond-Fd et alentours<\/div><div class=\"tmm_desc\" style=\"text-align:left\"><p>De la connaissance \u00e0 la reconnaissance de l'autre, il y a la rencontre . Cette rencontre est chaque s\u00e9ance renouvel\u00e9e par le canal musical.<br \/>Mon travail de musicoth\u00e9rapeute est en premier lieu et de r\u00e9unir les conditions favorables \u00e0 l'utilisation de ce canal car il est le lieu le plus fertile<br \/>en mati\u00e8re de communication.<br \/>Au dela de nos diff\u00e9rences, il y a la musique ; ce qu'on peut en dire ou pas nous interpelle, nous fait dialoguer ou \u00e9changer verbalement ou non.<br \/>Au dela de nos diff\u00e9rences on fait de la musique et si l'on sait tendre l'oreille on peut trouver le moyen que la musique de chacun devienne N\u00f4tre.<br \/>L'humain s'il n'est pas musicien au sens technique du terme est forc\u00e9ment musical et donc communicant.<br \/>Mon travail consiste \u00e0 valider aupr\u00e8s de ses personnes en difficult\u00e9s expressives ce statut de communicant; de Sujet communicant,avant de me pencher sur leurs probl\u00e9matiques respectives(T.S.A : Pesonnes \u00e2g\u00e9es d\u00e9pendantes ; malades Alzheimer; personnes handicap\u00e9es).<br \/>La musicoth\u00e9rapie est un chemin commun qu'empreuntent un soignant et un\/ou des soign\u00e9s pour avancer un certain temps ensemble avant de reprendre chacun leur cours de vie.<\/p><\/div><div class=\"tmm_scblock\"><a class=\"tmm_sociallink\" href=\"mailto:&#100;&#101;lar&#099;&#104;e&#100;i&#100;&#064;g&#109;x&#046;f&#114;\" title=\"\"><img alt=\"\" src=\"https:\/\/auvergne-musicotherapie.fr\/wp-content\/plugins\/team-members\/inc\/img\/links\/email.png\"\/><\/a><\/div><\/div><\/div><div class=\"tmm_member\" style=\"border-top:#333333 solid 5px;\"><div class=\"tmm_photo tmm_pic_musicotherapeutes_5\" style=\"background: url(http:\/\/auvergne-musicotherapie.fr\/wp-content\/uploads\/2020\/07\/Photo-pour-T-B.jpg); margin-left: auto; margin-right:auto; background-size:cover !important;\"><\/div><div class=\"tmm_textblock\"><div class=\"tmm_names\"><span class=\"tmm_fname\">Jean Fran\u00e7ois<\/span> <span class=\"tmm_lname\">LABIT<\/span><\/div><div class=\"tmm_job\">Rodez, d\u00e9p. Aveyron et alentours, Cabinet et Institutions<\/div><div class=\"tmm_desc\" style=\"text-align:left\"><p>Infirmier sp\u00e9cialis\u00e9 en psychiatrie puis Musicoth\u00e9rapeute clinicien depuis 1990 au sein du CH Sainte Marie Rodez et Association Hospitali\u00e8re Ste Marie, Directeur de Blue Note Concept et des Ateliers de la Note Bleue, structure qui propose des formations et des accompagnements pour des projets musicaux sp\u00e9cifiques dans des institutions, Responsable artistique de la Collection \u00ab Musique et Th\u00e9rapie \u00bb : https:\/\/lanauze.com\/36-collection-musicotherapie, Pr\u00e9sident du r\u00e9seau Pluriprofessionnel Euterpe12 : Musiques et soins sans fronti\u00e8re en Aveyron. Je con\u00e7ois ma pratique au service des personnes en souffrance et des Unit\u00e9s de soins qui souhaitent utiliser la Musique comme \u00ab outil \u00bb ou \u00ab levier \u00bb th\u00e9rapeutique. Mon souci est d\u2019adapter les techniques de Musicoth\u00e9rapie afin d\u2019am\u00e9liorer la qualit\u00e9 de l\u2019offre de soins. \u00ab Equilibre-Mieux-\u00eatre et Sant\u00e9 \u00bb sont les 3 piliers de mes interventions. Ces derni\u00e8res ann\u00e9es ont \u00e9t\u00e9 consacr\u00e9es \u00e0 des travaux cliniques sp\u00e9cifiques en Musicoth\u00e9rapie pour la gestion de la douleur, puis la gestion du stress, de l\u2019angoisse et de l\u2019anxi\u00e9t\u00e9, en enfin des troubles de l\u2019endormissement et du sommeil. Travaillant en psychiatrie, je suis tr\u00e8s impliqu\u00e9 dans tout ce qui touche la Musicoth\u00e9rapie et ses applications dans le domaine de la r\u00e9habilitation psychosociale, notamment pour des patients psychotiques.<\/p><\/div><div class=\"tmm_scblock\"><a class=\"tmm_sociallink\" href=\"mailto:&#106;&#102;la&#098;it&#064;ora&#110;ge.fr\" title=\"\"><img alt=\"\" src=\"https:\/\/auvergne-musicotherapie.fr\/wp-content\/plugins\/team-members\/inc\/img\/links\/email.png\"\/><\/a><a target=\"_blank\" class=\"tmm_sociallink\" href=\"https:\/\/euterpe12.org\" title=\"\"><img alt=\"\" src=\"https:\/\/auvergne-musicotherapie.fr\/wp-content\/plugins\/team-members\/inc\/img\/links\/website.png\"\/><\/a><\/div><\/div><\/div><span class=\"tmm_two_containers_tablet\"><\/span><\/div><span class=\"tmm_columns_containers_desktop\"><\/span><div class=\"tmm_container\"><div class=\"tmm_member\" style=\"border-top:#333333 solid 5px;\"><div class=\"tmm_textblock\"><div class=\"tmm_names\"><span class=\"tmm_fname\">Sophie<\/span> <span class=\"tmm_lname\">BOUCHEIX<\/span><\/div><div class=\"tmm_job\">Aurillac et alentours<\/div><div class=\"tmm_desc\" style=\"text-align:left\"><p>Sophie est musicoth\u00e9rapeute depuis 2016. Son approche porte plus particuli\u00e8rement autour des liens fondateurs parents-b\u00e9b\u00e9s, le soutien \u00e0 la parentalit\u00e9, la relation du sonore chez le nouveau\u2013n\u00e9. Elle s\u2019int\u00e9resse \u00e9galement au public adulte atteint de maladies neurod\u00e9g\u00e9n\u00e9ratives. La Musicoth\u00e9rapie contribue, pour elle, \u00e0 \u00ab recr\u00e9er du possible \u00bb (aussi infime soit-il) pour tout patient en souffrance ou difficult\u00e9 physique, psychique, sociale. Le musicoth\u00e9rapeute est celui qui \u00e9coute, observe et fait alliance avant que la musique et le sonore n\u2019offrent un espace possible d\u2019expression, de communication, de reconstruction et de cr\u00e9ativit\u00e9. Chaque s\u00e9ance s\u2019inscrit dans \u00ab un pr\u00e9sent \u00bb et dans \u00ab une pr\u00e9sence \u00bb uniques \u00e0 l\u2019autre et \u00e0 la musique qu\u2019il s\u2019agit d\u2019accompagner et de soutenir. Les approches sont donc sp\u00e9cifiques \u00e0 chacune de ces rencontres : la voix est un outil privil\u00e9gi\u00e9, parfois accompagn\u00e9e des instruments de percussion. L\u2019\u00e9coute musicale peut \u00eatre \u00e9galement utilis\u00e9e associ\u00e9e \u00e0 de la d\u00e9tente musicale. Le corps tient une place importante. Sophie pratique le basson, le chant et la danse.<\/p><\/div><div class=\"tmm_scblock\"><a class=\"tmm_sociallink\" href=\"mailto:&#115;&#111;&#112;&#104;&#105;&#101;bou&#099;&#104;&#101;ix.mu&#115;&#105;&#115;&#064;gm&#097;i&#108;.&#099;&#111;m\" title=\"\"><img alt=\"\" src=\"https:\/\/auvergne-musicotherapie.fr\/wp-content\/plugins\/team-members\/inc\/img\/links\/email.png\"\/><\/a><\/div><\/div><\/div><div style=\"clear:both;\"><\/div><\/div><\/div><\/div>\n","protected":false},"excerpt":{"rendered":"","protected":false},"author":1,"featured_media":0,"parent":0,"menu_order":0,"comment_status":"closed","ping_status":"closed","template":"page-templates\/full-width-page.php","meta":[],"_links":{"self":[{"href":"https:\/\/auvergne-musicotherapie.fr\/index.php\/wp-json\/wp\/v2\/pages\/28"}],"collection":[{"href":"https:\/\/auvergne-musicotherapie.fr\/index.php\/wp-json\/wp\/v2\/pages"}],"about":[{"href":"https:\/\/auvergne-musicotherapie.fr\/index.php\/wp-json\/wp\/v2\/types\/page"}],"author":[{"embeddable":true,"href":"https:\/\/auvergne-musicotherapie.fr\/index.php\/wp-json\/wp\/v2\/users\/1"}],"replies":[{"embeddable":true,"href":"https:\/\/auvergne-musicotherapie.fr\/index.php\/wp-json\/wp\/v2\/comments?post=28"}],"version-history":[{"count":2,"href":"https:\/\/auvergne-musicotherapie.fr\/index.php\/wp-json\/wp\/v2\/pages\/28\/revisions"}],"predecessor-version":[{"id":173,"href":"https:\/\/auvergne-musicotherapie.fr\/index.php\/wp-json\/wp\/v2\/pages\/28\/revisions\/173"}],"wp:attachment":[{"href":"https:\/\/auvergne-musicotherapie.fr\/index.php\/wp-json\/wp\/v2\/media?parent=28"}],"curies":[{"name":"wp","href":"https:\/\/api.w.org\/{rel}","templated":true}]}}