{"id":81,"date":"2017-03-10T11:59:51","date_gmt":"2017-03-10T10:59:51","guid":{"rendered":"http:\/\/auvergne-musicotherapie.fr\/?page_id=81"},"modified":"2018-02-19T18:59:49","modified_gmt":"2018-02-19T17:59:49","slug":"liens-importants","status":"publish","type":"page","link":"https:\/\/auvergne-musicotherapie.fr\/index.php\/liens-importants\/","title":{"rendered":"Liens importants"},"content":{"rendered":"<h1 style=\"text-align: center;\"><span style=\"color: #000080;\"><strong>La musicoth\u00e9rapie en France<\/strong><\/span><\/h1>\n<hr \/>\n<h1><a href=\"http:\/\/www.musicotherapie-federationfrancaise.com\"><img decoding=\"async\" loading=\"lazy\" class=\"alignnone wp-image-311 size-full\" src=\"http:\/\/auvergne-musicotherapie.fr\/wp-content\/uploads\/2017\/03\/Capture-d\u2019\u00e9cran-2018-02-19-\u00e0-18.34.32.png\" alt=\"\" width=\"221\" height=\"98\" \/><\/a>\u00a0 \u00a0 \u00a0 \u00a0 \u00a0 \u00a0 \u00a0 <a href=\"http:\/\/www.musicotherapiefrance.fr\/wp-content\/uploads\/2016\/02\/bulletin-adhesion-SFM.pdf\"><img decoding=\"async\" loading=\"lazy\" class=\"wp-image-84 alignnone\" src=\"http:\/\/auvergne-musicotherapie.fr\/wp-content\/uploads\/2017\/03\/Capture-d\u2019\u00e9cran-2017-03-10-\u00e0-11.42.04-300x80.png\" alt=\"\" width=\"301\" height=\"80\" srcset=\"https:\/\/auvergne-musicotherapie.fr\/wp-content\/uploads\/2017\/03\/Capture-d\u2019\u00e9cran-2017-03-10-\u00e0-11.42.04-300x80.png 300w, https:\/\/auvergne-musicotherapie.fr\/wp-content\/uploads\/2017\/03\/Capture-d\u2019\u00e9cran-2017-03-10-\u00e0-11.42.04.png 384w\" sizes=\"(max-width: 301px) 100vw, 301px\" \/><\/a><\/h1>\n<h1><\/h1>\n<p>&nbsp;<\/p>\n<h1 style=\"text-align: center;\"><span style=\"color: #000080;\"><strong>Les formations En France<\/strong><\/span><\/h1>\n<hr \/>\n<p><a href=\"http:\/\/www.musicotherapie-nantes.com\"><br \/>\n<img decoding=\"async\" loading=\"lazy\" class=\"wp-image-82 alignnone\" src=\"http:\/\/auvergne-musicotherapie.fr\/wp-content\/uploads\/2017\/03\/Capture-d\u2019\u00e9cran-2017-03-10-\u00e0-11.37.43-300x44.png\" alt=\"\" width=\"219\" height=\"32\" srcset=\"https:\/\/auvergne-musicotherapie.fr\/wp-content\/uploads\/2017\/03\/Capture-d\u2019\u00e9cran-2017-03-10-\u00e0-11.37.43-300x44.png 300w, https:\/\/auvergne-musicotherapie.fr\/wp-content\/uploads\/2017\/03\/Capture-d\u2019\u00e9cran-2017-03-10-\u00e0-11.37.43.png 554w\" sizes=\"(max-width: 219px) 100vw, 219px\" \/>\u00a0\u00a0<\/a><a href=\"http:\/\/musicotherapie.upv.univ-montp3.fr\"><img decoding=\"async\" loading=\"lazy\" class=\"alignnone wp-image-87\" src=\"http:\/\/auvergne-musicotherapie.fr\/wp-content\/uploads\/2017\/03\/Capture-d\u2019\u00e9cran-2017-03-10-\u00e0-11.47.50-150x150.png\" alt=\"\" width=\"181\" height=\"181\" srcset=\"https:\/\/auvergne-musicotherapie.fr\/wp-content\/uploads\/2017\/03\/Capture-d\u2019\u00e9cran-2017-03-10-\u00e0-11.47.50-150x150.png 150w, https:\/\/auvergne-musicotherapie.fr\/wp-content\/uploads\/2017\/03\/Capture-d\u2019\u00e9cran-2017-03-10-\u00e0-11.47.50-90x90.png 90w\" sizes=\"(max-width: 181px) 100vw, 181px\" \/><\/a>\u00a0 \u00a0<a href=\"http:\/\/www.scfc.parisdescartes.fr\/index.php\/descartes\/formations\/sciences-du-sport\/master-sorbonne-paris-cite-mention-creation-artistique-musicotherapie\/(language)\/fre-FR\"><img decoding=\"async\" loading=\"lazy\" class=\"wp-image-95 alignnone\" src=\"http:\/\/auvergne-musicotherapie.fr\/wp-content\/uploads\/2017\/03\/Master-art-th\u00e9rapie-Paris-V.png\" alt=\"\" width=\"203\" height=\"89\" \/><\/a><\/p>\n<p><a href=\"http:\/\/www.musicotherapie.info\"><img decoding=\"async\" loading=\"lazy\" class=\"alignnone wp-image-86\" src=\"http:\/\/auvergne-musicotherapie.fr\/wp-content\/uploads\/2017\/03\/Capture-d\u2019\u00e9cran-2017-03-10-\u00e0-11.44.00-300x56.png\" alt=\"\" width=\"273\" height=\"51\" srcset=\"https:\/\/auvergne-musicotherapie.fr\/wp-content\/uploads\/2017\/03\/Capture-d\u2019\u00e9cran-2017-03-10-\u00e0-11.44.00-300x56.png 300w, https:\/\/auvergne-musicotherapie.fr\/wp-content\/uploads\/2017\/03\/Capture-d\u2019\u00e9cran-2017-03-10-\u00e0-11.44.00.png 643w\" sizes=\"(max-width: 273px) 100vw, 273px\" \/><\/a><a href=\"http:\/\/www.amb-musicotherapie.com\"><img decoding=\"async\" loading=\"lazy\" class=\"wp-image-85 alignnone\" src=\"http:\/\/auvergne-musicotherapie.fr\/wp-content\/uploads\/2017\/03\/Capture-d\u2019\u00e9cran-2017-03-10-\u00e0-11.43.08-300x48.png\" alt=\"\" width=\"338\" height=\"54\" srcset=\"https:\/\/auvergne-musicotherapie.fr\/wp-content\/uploads\/2017\/03\/Capture-d\u2019\u00e9cran-2017-03-10-\u00e0-11.43.08-300x48.png 300w, https:\/\/auvergne-musicotherapie.fr\/wp-content\/uploads\/2017\/03\/Capture-d\u2019\u00e9cran-2017-03-10-\u00e0-11.43.08.png 438w\" sizes=\"(max-width: 338px) 100vw, 338px\" \/><\/a><\/p>\n<p><a href=\"http:\/\/ateliers-ambx.net\"><img decoding=\"async\" loading=\"lazy\" class=\"wp-image-93 alignnone\" src=\"http:\/\/auvergne-musicotherapie.fr\/wp-content\/uploads\/2017\/03\/Ateliers-de-musicoth\u00e9rapie-de-Bordeaux-300x96.png\" alt=\"\" width=\"212\" height=\"68\" srcset=\"https:\/\/auvergne-musicotherapie.fr\/wp-content\/uploads\/2017\/03\/Ateliers-de-musicoth\u00e9rapie-de-Bordeaux-300x96.png 300w, https:\/\/auvergne-musicotherapie.fr\/wp-content\/uploads\/2017\/03\/Ateliers-de-musicoth\u00e9rapie-de-Bordeaux.png 506w\" sizes=\"(max-width: 212px) 100vw, 212px\" \/>\u00a0<\/a><a href=\"http:\/\/art-therapie-tours.net\">\u00a0\u00a0<img decoding=\"async\" loading=\"lazy\" class=\"wp-image-92 alignnone\" src=\"http:\/\/auvergne-musicotherapie.fr\/wp-content\/uploads\/2017\/03\/Art-th\u00e9rapie-Tours.png\" alt=\"\" width=\"161\" height=\"192\" \/>\u00a0 \u00a0<\/a><a href=\"https:\/\/www.irfat.com\/formation\/\"><img decoding=\"async\" loading=\"lazy\" class=\"wp-image-94 alignnone\" src=\"http:\/\/auvergne-musicotherapie.fr\/wp-content\/uploads\/2017\/03\/Art-th\u00e9rapie-Avignon-300x89.png\" alt=\"\" width=\"222\" height=\"66\" srcset=\"https:\/\/auvergne-musicotherapie.fr\/wp-content\/uploads\/2017\/03\/Art-th\u00e9rapie-Avignon-300x89.png 300w, https:\/\/auvergne-musicotherapie.fr\/wp-content\/uploads\/2017\/03\/Art-th\u00e9rapie-Avignon.png 641w\" sizes=\"(max-width: 222px) 100vw, 222px\" \/><\/a><\/p>\n<p>&nbsp;<\/p>\n<p>&nbsp;<\/p>\n<h1 style=\"text-align: center;\"><span style=\"color: #000080;\"><strong>La Musicoth\u00e9rapie \u00e0 l&rsquo;international\u00a0<\/strong><\/span><\/h1>\n<hr \/>\n<p><a href=\"http:\/\/www.emtc-eu.com\/#top-welcome\">\u00a0\u00a0<img decoding=\"async\" loading=\"lazy\" class=\"wp-image-110 alignleft\" src=\"http:\/\/auvergne-musicotherapie.fr\/wp-content\/uploads\/2017\/03\/Conf\u00e9d\u00e9ration-Europ\u00e9enne-de-Musicoth\u00e9rapie-300x79.png\" alt=\"\" width=\"448\" height=\"118\" srcset=\"https:\/\/auvergne-musicotherapie.fr\/wp-content\/uploads\/2017\/03\/Conf\u00e9d\u00e9ration-Europ\u00e9enne-de-Musicoth\u00e9rapie-300x79.png 300w, https:\/\/auvergne-musicotherapie.fr\/wp-content\/uploads\/2017\/03\/Conf\u00e9d\u00e9ration-Europ\u00e9enne-de-Musicoth\u00e9rapie.png 760w\" sizes=\"(max-width: 448px) 100vw, 448px\" \/>\u00a0 \u00a0 <\/a><\/p>\n<p><a href=\"http:\/\/www.wfmt.info\"><img decoding=\"async\" loading=\"lazy\" class=\"wp-image-102 alignright\" src=\"http:\/\/auvergne-musicotherapie.fr\/wp-content\/uploads\/2017\/03\/World-Federation-of-Music-Therapy-300x51.png\" alt=\"\" width=\"439\" height=\"75\" srcset=\"https:\/\/auvergne-musicotherapie.fr\/wp-content\/uploads\/2017\/03\/World-Federation-of-Music-Therapy-300x51.png 300w, https:\/\/auvergne-musicotherapie.fr\/wp-content\/uploads\/2017\/03\/World-Federation-of-Music-Therapy-768x132.png 768w, https:\/\/auvergne-musicotherapie.fr\/wp-content\/uploads\/2017\/03\/World-Federation-of-Music-Therapy-1024x176.png 1024w, https:\/\/auvergne-musicotherapie.fr\/wp-content\/uploads\/2017\/03\/World-Federation-of-Music-Therapy.png 1142w\" sizes=\"(max-width: 439px) 100vw, 439px\" \/><\/a><\/p>\n<p>&nbsp;<\/p>\n<p>&nbsp;<\/p>\n<p>&nbsp;<\/p>\n<p>&nbsp;<\/p>\n<p>&nbsp;<\/p>\n<p>&nbsp;<\/p>\n<h1 style=\"text-align: center;\"><strong><span style=\"color: #000080;\">La musicoth\u00e9rapie \u00e0 travers le monde<\/span><\/strong><\/h1>\n<hr \/>\n<p>&nbsp;<\/p>\n<p><a href=\"http:\/\/www.bamt.org\">\u00a0\u00a0<img decoding=\"async\" loading=\"lazy\" class=\"wp-image-99 alignnone\" src=\"http:\/\/auvergne-musicotherapie.fr\/wp-content\/uploads\/2017\/03\/British-Association-for-Music-Therapy-300x93.png\" alt=\"\" width=\"200\" height=\"62\" srcset=\"https:\/\/auvergne-musicotherapie.fr\/wp-content\/uploads\/2017\/03\/British-Association-for-Music-Therapy-300x93.png 300w, https:\/\/auvergne-musicotherapie.fr\/wp-content\/uploads\/2017\/03\/British-Association-for-Music-Therapy.png 316w\" sizes=\"(max-width: 200px) 100vw, 200px\" \/>\u00a0 \u00a0 \u00a0\u00a0<\/a><a href=\"http:\/\/www.musictherapy.ch\/fr\/\"><img decoding=\"async\" loading=\"lazy\" class=\"wp-image-107 alignnone\" src=\"http:\/\/auvergne-musicotherapie.fr\/wp-content\/uploads\/2017\/03\/Association-Suisse-de-Musicoth\u00e9rapie-284x300.png\" alt=\"\" width=\"188\" height=\"199\" srcset=\"https:\/\/auvergne-musicotherapie.fr\/wp-content\/uploads\/2017\/03\/Association-Suisse-de-Musicoth\u00e9rapie-284x300.png 284w, https:\/\/auvergne-musicotherapie.fr\/wp-content\/uploads\/2017\/03\/Association-Suisse-de-Musicoth\u00e9rapie.png 322w\" sizes=\"(max-width: 188px) 100vw, 188px\" \/><\/a><a href=\"http:\/\/www.musictherapy.org\/about\/musictherapy\/\">\u00a0 \u00a0 \u00a0 \u00a0<img decoding=\"async\" loading=\"lazy\" class=\"wp-image-98 alignnone\" src=\"http:\/\/auvergne-musicotherapie.fr\/wp-content\/uploads\/2017\/03\/Amercian-music-therapy-association.png\" alt=\"\" width=\"181\" height=\"199\" \/><\/a><\/p>\n<p><img decoding=\"async\" loading=\"lazy\" class=\"wp-image-101 alignnone\" src=\"http:\/\/auvergne-musicotherapie.fr\/wp-content\/uploads\/2017\/03\/Association-Canadienne-des-musicoth\u00e9rapeutes-300x74.png\" alt=\"\" width=\"316\" height=\"78\" srcset=\"https:\/\/auvergne-musicotherapie.fr\/wp-content\/uploads\/2017\/03\/Association-Canadienne-des-musicoth\u00e9rapeutes-300x74.png 300w, https:\/\/auvergne-musicotherapie.fr\/wp-content\/uploads\/2017\/03\/Association-Canadienne-des-musicoth\u00e9rapeutes.png 320w\" sizes=\"(max-width: 316px) 100vw, 316px\" \/>\u00a0 \u00a0 \u00a0 \u00a0 \u00a0 \u00a0<a href=\"http:\/\/www.austmta.org.au\/content\/what-music-therapy\"><img decoding=\"async\" loading=\"lazy\" class=\"wp-image-100 alignnone\" src=\"http:\/\/auvergne-musicotherapie.fr\/wp-content\/uploads\/2017\/03\/Australian-Music-Therapy-Association.png\" alt=\"\" width=\"252\" height=\"139\" \/><\/a><\/p>\n<p>&nbsp;<\/p>\n<p><a href=\"http:\/\/asamdifusion.wixsite.com\/musicoterapia\">\u00a0 \u00a0 \u00a0 \u00a0 \u00a0 \u00a0 \u00a0 \u00a0\u00a0<img decoding=\"async\" loading=\"lazy\" class=\"wp-image-103 alignnone\" src=\"http:\/\/auvergne-musicotherapie.fr\/wp-content\/uploads\/2017\/03\/Association-des-musicoth\u00e9rapeute-en-Argentine.png\" alt=\"\" width=\"219\" height=\"268\" \/>\u00a0 \u00a0 \u00a0 \u00a0 \u00a0 \u00a0 \u00a0 \u00a0 \u00a0\u00a0<\/a><a href=\"http:\/\/www.musictherapyhk.org\"><img decoding=\"async\" loading=\"lazy\" class=\"wp-image-104 alignnone\" src=\"http:\/\/auvergne-musicotherapie.fr\/wp-content\/uploads\/2017\/03\/Assocation-de-musicoth\u00e9rapie-de-Hong-Kong.png\" alt=\"\" width=\"266\" height=\"266\" srcset=\"https:\/\/auvergne-musicotherapie.fr\/wp-content\/uploads\/2017\/03\/Assocation-de-musicoth\u00e9rapie-de-Hong-Kong.png 218w, https:\/\/auvergne-musicotherapie.fr\/wp-content\/uploads\/2017\/03\/Assocation-de-musicoth\u00e9rapie-de-Hong-Kong-150x150.png 150w, https:\/\/auvergne-musicotherapie.fr\/wp-content\/uploads\/2017\/03\/Assocation-de-musicoth\u00e9rapie-de-Hong-Kong-90x90.png 90w\" sizes=\"(max-width: 266px) 100vw, 266px\" \/><\/a><\/p>\n<p><a href=\"http:\/\/www.jmta.jp\/en\/\">\u00a0<img decoding=\"async\" loading=\"lazy\" class=\"wp-image-105 alignnone\" src=\"http:\/\/auvergne-musicotherapie.fr\/wp-content\/uploads\/2017\/03\/Association-Japonaise-de-Musicoth\u00e9rapie-300x130.png\" alt=\"\" width=\"277\" height=\"120\" srcset=\"https:\/\/auvergne-musicotherapie.fr\/wp-content\/uploads\/2017\/03\/Association-Japonaise-de-Musicoth\u00e9rapie-300x130.png 300w, https:\/\/auvergne-musicotherapie.fr\/wp-content\/uploads\/2017\/03\/Association-Japonaise-de-Musicoth\u00e9rapie.png 360w\" sizes=\"(max-width: 277px) 100vw, 277px\" \/>\u00a0 <\/a><a href=\"http:\/\/www.musictherapy.org.nz\"><img decoding=\"async\" loading=\"lazy\" class=\"wp-image-106 alignnone\" src=\"http:\/\/auvergne-musicotherapie.fr\/wp-content\/uploads\/2017\/03\/Musicoth\u00e9rapie-Nouvelle-Z\u00e9lande-300x73.png\" alt=\"\" width=\"332\" height=\"81\" srcset=\"https:\/\/auvergne-musicotherapie.fr\/wp-content\/uploads\/2017\/03\/Musicoth\u00e9rapie-Nouvelle-Z\u00e9lande-300x73.png 300w, https:\/\/auvergne-musicotherapie.fr\/wp-content\/uploads\/2017\/03\/Musicoth\u00e9rapie-Nouvelle-Z\u00e9lande.png 704w\" sizes=\"(max-width: 332px) 100vw, 332px\" \/><\/a><\/p>\n<p>&nbsp;<\/p>\n<p>&nbsp;<\/p>\n<p>&nbsp;<\/p>\n<h2><\/h2>\n","protected":false},"excerpt":{"rendered":"<p>La musicoth\u00e9rapie en France \u00a0 \u00a0 \u00a0 \u00a0 \u00a0 \u00a0 \u00a0 &nbsp; Les formations En France \u00a0\u00a0\u00a0 \u00a0 \u00a0\u00a0\u00a0\u00a0 \u00a0 &nbsp; &nbsp; La Musicoth\u00e9rapie \u00e0 l&rsquo;international\u00a0 \u00a0\u00a0\u00a0 \u00a0 &nbsp; &nbsp; &nbsp; &nbsp; &nbsp; &nbsp; La musicoth\u00e9rapie \u00e0 travers le monde &nbsp; \u00a0\u00a0\u00a0 \u00a0 \u00a0\u00a0\u00a0 \u00a0 \u00a0 \u00a0 \u00a0 \u00a0 \u00a0 \u00a0 \u00a0 \u00a0 &nbsp; \u00a0 &hellip; <a href=\"https:\/\/auvergne-musicotherapie.fr\/index.php\/liens-importants\/\" class=\"more-link\">Lire la suite <span class=\"screen-reader-text\">Liens importants<\/span><\/a><\/p>\n","protected":false},"author":1,"featured_media":0,"parent":0,"menu_order":0,"comment_status":"closed","ping_status":"closed","template":"","meta":[],"_links":{"self":[{"href":"https:\/\/auvergne-musicotherapie.fr\/index.php\/wp-json\/wp\/v2\/pages\/81"}],"collection":[{"href":"https:\/\/auvergne-musicotherapie.fr\/index.php\/wp-json\/wp\/v2\/pages"}],"about":[{"href":"https:\/\/auvergne-musicotherapie.fr\/index.php\/wp-json\/wp\/v2\/types\/page"}],"author":[{"embeddable":true,"href":"https:\/\/auvergne-musicotherapie.fr\/index.php\/wp-json\/wp\/v2\/users\/1"}],"replies":[{"embeddable":true,"href":"https:\/\/auvergne-musicotherapie.fr\/index.php\/wp-json\/wp\/v2\/comments?post=81"}],"version-history":[{"count":17,"href":"https:\/\/auvergne-musicotherapie.fr\/index.php\/wp-json\/wp\/v2\/pages\/81\/revisions"}],"predecessor-version":[{"id":312,"href":"https:\/\/auvergne-musicotherapie.fr\/index.php\/wp-json\/wp\/v2\/pages\/81\/revisions\/312"}],"wp:attachment":[{"href":"https:\/\/auvergne-musicotherapie.fr\/index.php\/wp-json\/wp\/v2\/media?parent=81"}],"curies":[{"name":"wp","href":"https:\/\/api.w.org\/{rel}","templated":true}]}}